{"id":115,"date":"2022-11-28T08:51:44","date_gmt":"2022-11-28T08:51:44","guid":{"rendered":"https:\/\/bauherrenberatung24.de\/?page_id=115"},"modified":"2024-10-28T16:49:58","modified_gmt":"2024-10-28T16:49:58","slug":"preise","status":"publish","type":"page","link":"https:\/\/bauherrenberatung24.de\/?page_id=115","title":{"rendered":"Preise"},"content":{"rendered":"\n<figure class=\"wp-block-image size-full is-resized\"><img decoding=\"async\" loading=\"lazy\" src=\"https:\/\/bauherrenberatung24.de\/wp-content\/uploads\/2022\/11\/images.png\" alt=\"\" class=\"wp-image-122\" width=\"278\" height=\"278\" srcset=\"https:\/\/bauherrenberatung24.de\/wp-content\/uploads\/2022\/11\/images.png 225w, https:\/\/bauherrenberatung24.de\/wp-content\/uploads\/2022\/11\/images-150x150.png 150w\" sizes=\"(max-width: 278px) 100vw, 278px\" \/><\/figure>\n\n\n\n<p class=\"has-large-font-size\"><strong>P r e i s e\/ Honorar:<\/strong><\/p>\n\n\n\n<p class=\"has-medium-font-size\">Sobald eine f\u00fcr Sie kostenfreie Erstberatung stattgefunden hat, sende ich Ihnen gerne meine Preisliste zu, welche sich auf die mit Ihnen besprochenen Leistungen beziehen wird.<\/p>\n\n\n\n<p class=\"has-medium-font-size\">Au\u00dferdem unterbreite ich Ihnen gerne, f\u00fcr alle gew\u00fcnschten Leistungen nach R\u00fccksprache, ein ad\u00e4quates und <strong><mark style=\"background-color:rgba(0, 0, 0, 0);color:#fa0101\" class=\"has-inline-color\">auf Ihre Bed\u00fcrfnisse<\/mark> <\/strong><mark style=\"background-color:rgba(0, 0, 0, 0);color:#fc0707\" class=\"has-inline-color\"><strong>zugeschnittenes Angebot<\/strong>.<\/mark><\/p>\n\n\n\n<p class=\"has-medium-font-size\">Lassen Sie mich wissen, wobei Sie Hilfe ben\u00f6tigen und nutzen Sie die <strong><mark style=\"background-color:rgba(0, 0, 0, 0);color:#fd0202\" class=\"has-inline-color\">kostenfreie Erstberatung<\/mark><\/strong>.<\/p>\n\n\n\n<p class=\"has-medium-font-size\"><strong>Ich freue mich auf Ihren Kontakt.<\/strong><\/p>\n\n\n\n<p class=\"has-medium-font-size\">Ihr Ronald Christ<\/p>\n\n\n\n<p class=\"has-medium-font-size\">Bautechniker + Freier Gutachter im Hochbau<\/p>\n","protected":false},"excerpt":{"rendered":"<p>P r e i s e\/ Honorar: Sobald eine f\u00fcr Sie kostenfreie Erstberatung stattgefunden hat, sende ich Ihnen gerne meine Preisliste zu, welche sich auf die mit Ihnen besprochenen Leistungen beziehen wird. Au\u00dferdem unterbreite ich Ihnen gerne, f\u00fcr alle gew\u00fcnschten Leistungen nach R\u00fccksprache, ein ad\u00e4quates und auf Ihre Bed\u00fcrfnisse zugeschnittenes Angebot. Lassen Sie mich wissen, <a href=\"https:\/\/bauherrenberatung24.de\/?page_id=115\" class=\"more-link\">&#8230;<\/a><\/p>\n","protected":false},"author":1,"featured_media":0,"parent":0,"menu_order":0,"comment_status":"closed","ping_status":"closed","template":"","meta":[],"_links":{"self":[{"href":"https:\/\/bauherrenberatung24.de\/index.php?rest_route=\/wp\/v2\/pages\/115"}],"collection":[{"href":"https:\/\/bauherrenberatung24.de\/index.php?rest_route=\/wp\/v2\/pages"}],"about":[{"href":"https:\/\/bauherrenberatung24.de\/index.php?rest_route=\/wp\/v2\/types\/page"}],"author":[{"embeddable":true,"href":"https:\/\/bauherrenberatung24.de\/index.php?rest_route=\/wp\/v2\/users\/1"}],"replies":[{"embeddable":true,"href":"https:\/\/bauherrenberatung24.de\/index.php?rest_route=%2Fwp%2Fv2%2Fcomments&post=115"}],"version-history":[{"count":6,"href":"https:\/\/bauherrenberatung24.de\/index.php?rest_route=\/wp\/v2\/pages\/115\/revisions"}],"predecessor-version":[{"id":255,"href":"https:\/\/bauherrenberatung24.de\/index.php?rest_route=\/wp\/v2\/pages\/115\/revisions\/255"}],"wp:attachment":[{"href":"https:\/\/bauherrenberatung24.de\/index.php?rest_route=%2Fwp%2Fv2%2Fmedia&parent=115"}],"curies":[{"name":"wp","href":"https:\/\/api.w.org\/{rel}","templated":true}]}}