{"id":13,"date":"2022-11-21T14:17:50","date_gmt":"2022-11-21T14:17:50","guid":{"rendered":"https:\/\/bauherrenberatung24.de\/?page_id=13"},"modified":"2024-12-12T14:44:11","modified_gmt":"2024-12-12T14:44:11","slug":"impressum","status":"publish","type":"page","link":"https:\/\/bauherrenberatung24.de\/?page_id=13","title":{"rendered":"Impressum"},"content":{"rendered":"\n<ul>\n<li><\/li>\n<\/ul>\n\n\n\n<figure class=\"wp-block-table\"><table><tbody><tr><td><strong>Name:<\/strong><\/td><td>bauherrenberatung24<\/td><\/tr><tr><td><strong>Anschrift:<\/strong><\/td><td>Falkensteiner Stra\u00dfe 9a, 65779 Kelkheim<\/td><\/tr><tr><td><\/td><td><\/td><\/tr><tr><td><strong>Gesch\u00e4ftsf\u00fchrender Inhaber:<\/strong><\/td><td>Ronald Christ, <em>Bautechniker<\/em> &#8211; Freier Gutachter in Hochbau<\/td><\/tr><tr><td><strong>Mobil:<\/strong><\/td><td>0178 &#8211; 394 2008<\/td><\/tr><tr><td><strong>E-Mail:<\/strong><\/td><td>info@bauherrenberatung24.de<\/td><\/tr><tr><td><strong>E-Mail f\u00fcr Web-Beratung<\/strong><\/td><td>webberatung@bauherrenberatung24.de <\/td><\/tr><tr><td><strong>WhatsApp<\/strong>:<\/td><td>0178 &#8211; 394 2008<\/td><\/tr><tr><td><strong>FaceTime:<\/strong><\/td><td>0178 &#8211; 394 2008<\/td><\/tr><tr><td><strong>Zoom:<\/strong><\/td><td><strong>Benutzer: <\/strong>587 929 7305     <strong>Passwort:<\/strong><\/td><\/tr><tr><td><strong>URL:<\/strong><\/td><td>www.bauherrenberatung24.de<\/td><\/tr><tr><td><\/td><td><\/td><\/tr><tr><td><strong>Steuernummer:<\/strong><\/td><td>809 31 0 42<\/td><\/tr><\/tbody><\/table><\/figure>\n","protected":false},"excerpt":{"rendered":"<p>Name: bauherrenberatung24 Anschrift: Falkensteiner Stra\u00dfe 9a, 65779 Kelkheim Gesch\u00e4ftsf\u00fchrender Inhaber: Ronald Christ, Bautechniker &#8211; Freier Gutachter in Hochbau Mobil: 0178 &#8211; 394 2008 E-Mail: info@bauherrenberatung24.de E-Mail f\u00fcr Web-Beratung webberatung@bauherrenberatung24.de WhatsApp: 0178 &#8211; 394 2008 FaceTime: 0178 &#8211; 394 2008 Zoom: Benutzer: 587 929 7305 Passwort: URL: www.bauherrenberatung24.de Steuernummer: 809 31 0 42<\/p>\n","protected":false},"author":1,"featured_media":0,"parent":0,"menu_order":0,"comment_status":"closed","ping_status":"closed","template":"","meta":[],"_links":{"self":[{"href":"https:\/\/bauherrenberatung24.de\/index.php?rest_route=\/wp\/v2\/pages\/13"}],"collection":[{"href":"https:\/\/bauherrenberatung24.de\/index.php?rest_route=\/wp\/v2\/pages"}],"about":[{"href":"https:\/\/bauherrenberatung24.de\/index.php?rest_route=\/wp\/v2\/types\/page"}],"author":[{"embeddable":true,"href":"https:\/\/bauherrenberatung24.de\/index.php?rest_route=\/wp\/v2\/users\/1"}],"replies":[{"embeddable":true,"href":"https:\/\/bauherrenberatung24.de\/index.php?rest_route=%2Fwp%2Fv2%2Fcomments&post=13"}],"version-history":[{"count":9,"href":"https:\/\/bauherrenberatung24.de\/index.php?rest_route=\/wp\/v2\/pages\/13\/revisions"}],"predecessor-version":[{"id":260,"href":"https:\/\/bauherrenberatung24.de\/index.php?rest_route=\/wp\/v2\/pages\/13\/revisions\/260"}],"wp:attachment":[{"href":"https:\/\/bauherrenberatung24.de\/index.php?rest_route=%2Fwp%2Fv2%2Fmedia&parent=13"}],"curies":[{"name":"wp","href":"https:\/\/api.w.org\/{rel}","templated":true}]}}