{"id":6,"date":"2022-11-21T14:17:50","date_gmt":"2022-11-21T14:17:50","guid":{"rendered":"https:\/\/bauherrenberatung24.de\/?page_id=6"},"modified":"2024-12-12T14:44:57","modified_gmt":"2024-12-12T14:44:57","slug":"startseite","status":"publish","type":"page","link":"https:\/\/bauherrenberatung24.de\/?page_id=6","title":{"rendered":"Startseite"},"content":{"rendered":"<div class=\"wp-block-image\">\n<figure class=\"aligncenter size-full is-resized\"><img decoding=\"async\" loading=\"lazy\" src=\"https:\/\/bauherrenberatung24.de\/wp-content\/uploads\/2023\/07\/Logo-BHB-24-1.jpg\" alt=\"\" class=\"wp-image-221\" width=\"204\" height=\"204\" srcset=\"https:\/\/bauherrenberatung24.de\/wp-content\/uploads\/2023\/07\/Logo-BHB-24-1.jpg 295w, https:\/\/bauherrenberatung24.de\/wp-content\/uploads\/2023\/07\/Logo-BHB-24-1-150x150.jpg 150w\" sizes=\"(max-width: 204px) 100vw, 204px\" \/><\/figure><\/div>\n\n\n<p class=\"has-medium-font-size\">Herzlich willkommen auf meiner Website.<\/p>\n\n\n\n<p class=\"has-medium-font-size\">Diese Website ist eine Internetplattform, die allen Bauherren ein Forum bietet, um sich Unterst\u00fctzung, Rat und Sicherheit zu holen.<\/p>\n\n\n\n<p class=\"has-medium-font-size\">Ich biete allen Bauherren im Wohnbauwesen, Hoch- und Tiefbau meine Hilfe, als kompetenter Berater, mit \u00fcber 30 Jahren Berufserfahrung, damit Sie aus Ihrem Bauvorhaben einen Erfolg machen.<\/p>\n\n\n\n<p class=\"has-medium-font-size\">Ich berate Sie umfangreich, von der Entwurfsplanung, \u00fcber die Planung, Vergabe, Bauphase, bis hin zur Abnahme und zum Mangelbeseitigungsmanagement.<\/p>\n\n\n\n<p class=\"has-medium-font-size\">Damit Sie w\u00e4hrend Ihrer Baustelle oder danach, kein &#8222;Wunder&#8220; erleben.<\/p>\n\n\n\n<p class=\"has-medium-font-size\">Formular-\/ Auftrags &#8211; und Sicherheitswesen, Controlling, Budgeterstellung und Kosten\u00fcberwachung, Rechnungspr\u00fcfungen, sowie Abnahmewesen und Dokumentation geh\u00f6ren ebenso zu meinem Portfolio, wie das Angebot einer <strong>Web-Bauleitung<\/strong>.<\/p>\n\n\n<div class=\"wp-block-image\">\n<figure class=\"aligncenter size-full is-resized\"><img decoding=\"async\" loading=\"lazy\" src=\"https:\/\/bauherrenberatung24.de\/wp-content\/uploads\/2022\/11\/pngtree-meeting-discussion-png-image_2874257.jpg\" alt=\"\" class=\"wp-image-59\" width=\"233\" height=\"155\" srcset=\"https:\/\/bauherrenberatung24.de\/wp-content\/uploads\/2022\/11\/pngtree-meeting-discussion-png-image_2874257.jpg 640w, https:\/\/bauherrenberatung24.de\/wp-content\/uploads\/2022\/11\/pngtree-meeting-discussion-png-image_2874257-300x200.jpg 300w\" sizes=\"(max-width: 233px) 100vw, 233px\" \/><\/figure><\/div>\n\n\n<p class=\"has-vivid-red-color has-text-color has-large-font-size\"><strong>Kurzum:<\/strong> Eine Rundumberatung f\u00fcr alle Bauherren!<\/p>\n\n\n<div class=\"wp-block-image\">\n<figure class=\"aligncenter size-large is-resized\"><img decoding=\"async\" loading=\"lazy\" src=\"https:\/\/bauherrenberatung24.de\/wp-content\/uploads\/2022\/11\/depositphotos_24314939-stock-illustration-paragraph-paragraph-sign-symbol-3d-1024x1024.jpg\" alt=\"\" class=\"wp-image-60\" width=\"144\" height=\"144\" srcset=\"https:\/\/bauherrenberatung24.de\/wp-content\/uploads\/2022\/11\/depositphotos_24314939-stock-illustration-paragraph-paragraph-sign-symbol-3d.jpg 1024w, https:\/\/bauherrenberatung24.de\/wp-content\/uploads\/2022\/11\/depositphotos_24314939-stock-illustration-paragraph-paragraph-sign-symbol-3d-300x300.jpg 300w, https:\/\/bauherrenberatung24.de\/wp-content\/uploads\/2022\/11\/depositphotos_24314939-stock-illustration-paragraph-paragraph-sign-symbol-3d-150x150.jpg 150w, https:\/\/bauherrenberatung24.de\/wp-content\/uploads\/2022\/11\/depositphotos_24314939-stock-illustration-paragraph-paragraph-sign-symbol-3d-768x768.jpg 768w\" sizes=\"(max-width: 144px) 100vw, 144px\" \/><\/figure><\/div>\n\n\n<p class=\"has-vivid-red-color has-text-color has-medium-font-size\"><strong>Denken Sie daran;<\/strong> lieber eine kalkulierbare &#8222;<strong>Summe X<\/strong>&#8220; mit einplanen und bezahlen, <em><strong>als hinterher kostspielige Streitigkeiten und\/oder Prozesse zu f\u00fchren.<\/strong><\/em><\/p>\n\n\n\n<p class=\"has-medium-font-size\">Scheuen Sie sich nicht, sparen Sie Ihre Nerven, holen Sie sich fachlich kompetente Sicherheit und setzen Sie sich gleich mit mir in Verbindung. <strong>Mobil: 0178 &#8211; 394 2008<\/strong><\/p>\n\n\n\n<p class=\"has-vivid-red-color has-text-color has-large-font-size\">Ich bin:<strong>    <em>Ihr Partner in allen Baufragen bei<\/em>:<\/strong><\/p>\n\n\n\n<p class=\"has-medium-font-size\">Garagen, Einfamilienh\u00e4user, Doppelh\u00e4user, Reihenh\u00e4user, Mehrfamilienh\u00e4user, bei Wohnanlagen, B\u00fcroh\u00e4user, Tiefgaragen, Au\u00dfenanlagenbau sowie Tief- und Erdbau, Kellerbau- und Isolierungen, Kanalbau, Zisternen und nat\u00fcrlich bei Planungen und Planoptimierung aller Art.<\/p>\n\n\n\n<p class=\"has-vivid-red-color has-text-color has-large-font-size\"><strong>Nat\u00fcrlich ist die Erstberatung f\u00fcr Sie kostenfrei!<\/strong><\/p>\n\n\n\n<div class=\"wp-block-file\"><a id=\"wp-block-file--media-f759f6fc-d83d-41f8-bedd-3e79247c0c16\" href=\"https:\/\/bauherrenberatung24.de\/wp-content\/uploads\/2022\/12\/Folie1-1-scaled.jpg\">Plakat A 3<\/a><a href=\"https:\/\/bauherrenberatung24.de\/wp-content\/uploads\/2022\/12\/Folie1-1-scaled.jpg\" class=\"wp-block-file__button wp-element-button\" download aria-describedby=\"wp-block-file--media-f759f6fc-d83d-41f8-bedd-3e79247c0c16\">Herunterladen<\/a><\/div>\n\n\n\n<p class=\"has-medium-font-size\">Ihr Ronald Christ<\/p>\n\n\n\n<p class=\"has-medium-font-size\">Bautechniker + Freier Gutachter <\/p>\n\n\n\n<p class=\"has-medium-font-size\">(seit 1978)<\/p>\n\n\n\n<p class=\"has-medium-font-size\"><\/p>\n\n\n\n<p><\/p>\n\n\n\n<p><\/p>\n\n\n\n<p><\/p>\n\n\n\n<p><\/p>\n\n\n\n<p><\/p>\n","protected":false},"excerpt":{"rendered":"<p>Herzlich willkommen auf meiner Website. Diese Website ist eine Internetplattform, die allen Bauherren ein Forum bietet, um sich Unterst\u00fctzung, Rat und Sicherheit zu holen. Ich biete allen Bauherren im Wohnbauwesen, Hoch- und Tiefbau meine Hilfe, als kompetenter Berater, mit \u00fcber 30 Jahren Berufserfahrung, damit Sie aus Ihrem Bauvorhaben einen Erfolg machen. Ich berate Sie umfangreich, <a href=\"https:\/\/bauherrenberatung24.de\/?page_id=6\" class=\"more-link\">&#8230;<\/a><\/p>\n","protected":false},"author":1,"featured_media":0,"parent":0,"menu_order":0,"comment_status":"closed","ping_status":"closed","template":"","meta":[],"_links":{"self":[{"href":"https:\/\/bauherrenberatung24.de\/index.php?rest_route=\/wp\/v2\/pages\/6"}],"collection":[{"href":"https:\/\/bauherrenberatung24.de\/index.php?rest_route=\/wp\/v2\/pages"}],"about":[{"href":"https:\/\/bauherrenberatung24.de\/index.php?rest_route=\/wp\/v2\/types\/page"}],"author":[{"embeddable":true,"href":"https:\/\/bauherrenberatung24.de\/index.php?rest_route=\/wp\/v2\/users\/1"}],"replies":[{"embeddable":true,"href":"https:\/\/bauherrenberatung24.de\/index.php?rest_route=%2Fwp%2Fv2%2Fcomments&post=6"}],"version-history":[{"count":14,"href":"https:\/\/bauherrenberatung24.de\/index.php?rest_route=\/wp\/v2\/pages\/6\/revisions"}],"predecessor-version":[{"id":262,"href":"https:\/\/bauherrenberatung24.de\/index.php?rest_route=\/wp\/v2\/pages\/6\/revisions\/262"}],"wp:attachment":[{"href":"https:\/\/bauherrenberatung24.de\/index.php?rest_route=%2Fwp%2Fv2%2Fmedia&parent=6"}],"curies":[{"name":"wp","href":"https:\/\/api.w.org\/{rel}","templated":true}]}}