{"id":8,"date":"2022-11-21T14:17:50","date_gmt":"2022-11-21T14:17:50","guid":{"rendered":"https:\/\/bauherrenberatung24.de\/?page_id=8"},"modified":"2024-10-28T16:49:22","modified_gmt":"2024-10-28T16:49:22","slug":"leistungen","status":"publish","type":"page","link":"https:\/\/bauherrenberatung24.de\/?page_id=8","title":{"rendered":"Leistungen"},"content":{"rendered":"\n<p class=\"has-medium-font-size\">Ich begleite Sie nach Bedarf und\/oder vollst\u00e4ndig bei Ihrem Bauvorhaben.<\/p>\n\n\n\n<p class=\"has-medium-font-size\">Dabei unterst\u00fctze ich Sie als fachlich versierter und kompetenter  Fachberater, in allen Bereichen Ihres Bauvorhabens und bin somit <strong><em>Ihr pers\u00f6nlicher Bauherrenberater<\/em><\/strong>.<\/p>\n\n\n\n<p class=\"has-medium-font-size\">I<strong>m Einzelnen bedeutet dies:   <\/strong><\/p>\n\n\n\n<p class=\"has-medium-font-size\">Unterst\u00fctzung, bereits beim ersten Gedanken, dass Sie ein Haus bauen wollen.<\/p>\n\n\n\n<p class=\"has-medium-font-size\"><strong>Dazu geh\u00f6rt: <\/strong><\/p>\n\n\n\n<div class=\"wp-block-group has-medium-font-size is-layout-constrained\"><div class=\"wp-block-group__inner-container\">\n<p class=\"has-text-align-center has-text-color has-medium-font-size\" style=\"color:#fe0101\"><strong>Standortanalyse <\/strong><\/p>\n\n\n\n<p class=\"has-text-align-center has-text-color has-medium-font-size\" style=\"color:#fe0101\"><strong>Bodenanalysebetreuung <\/strong><\/p>\n\n\n\n<p class=\"has-text-align-center has-text-color has-medium-font-size\" style=\"color:#fe0101\"><strong>Bedarfsermittlung<\/strong><\/p>\n\n\n\n<p class=\"has-text-align-center has-text-color has-medium-font-size\" style=\"color:#fe0101\"><strong>Entwurfsplanung<\/strong><\/p>\n\n\n\n<p class=\"has-text-align-center has-text-color has-medium-font-size\" style=\"color:#fe0101\"><strong>Budget-Erstellung<\/strong><\/p>\n\n\n\n<p class=\"has-text-align-center has-text-color has-medium-font-size\" style=\"color:#fe0101\"><strong>ggf. Finanzierungsvorbereitungen<\/strong><\/p>\n\n\n\n<p class=\"has-text-align-center has-text-color has-medium-font-size\" style=\"color:#fe0101\"><strong>Voraussetzungen f\u00fcr eine Baugenehmigung schaffen<\/strong><\/p>\n\n\n\n<p class=\"has-text-align-center has-text-color has-medium-font-size\" style=\"color:#fe0101\"><strong>Planungen<\/strong><\/p>\n\n\n\n<p class=\"has-text-align-center has-text-color\" style=\"color:#fa0505\"><strong>Detailplanungen<\/strong><\/p>\n\n\n\n<p class=\"has-text-align-center has-text-color has-medium-font-size\" style=\"color:#fa1d05\"><strong>Ausschreibungen<\/strong><\/p>\n\n\n\n<p class=\"has-text-align-center has-text-color has-medium-font-size\" style=\"color:#fe0101\"><strong>Vergabeleistungen<\/strong><\/p>\n\n\n\n<p class=\"has-text-align-center has-text-color has-medium-font-size\" style=\"color:#fe0101\"><strong>Sicherheitsleistungen<\/strong><\/p>\n\n\n\n<p class=\"has-text-align-center has-text-color has-medium-font-size\" style=\"color:#fe0101\"><strong>Bau\u00fcberwachung<\/strong><\/p>\n\n\n\n<p class=\"has-text-align-center has-text-color has-medium-font-size\" style=\"color:#fe0101\"><strong>Rechnungspr\u00fcfungen<\/strong><\/p>\n\n\n\n<p class=\"has-text-align-center has-text-color has-medium-font-size\" style=\"color:#fe0101\"><strong>Abnahmen und Mangelbeseitigungsmanagement.<\/strong><\/p>\n\n\n\n<p class=\"has-text-align-center has-text-color has-medium-font-size\" style=\"color:#fb0404\"><strong>und vieles mehr<\/strong><\/p>\n<\/div><\/div>\n\n\n\n<p class=\"has-medium-font-size\"><strong>Also das komplette Programm!<\/strong><\/p>\n\n\n\n<p class=\"has-vivid-green-cyan-color has-text-color has-medium-font-size\">Und ich bin Ihr <strong>Fachberater f\u00fcr die Gewerke;<\/strong><\/p>\n\n\n\n<p class=\"has-medium-font-size\">Bodenbohrungen und Bodenproben <\/p>\n\n\n\n<p class=\"has-medium-font-size\">Erdbau und Spezialerdbau<\/p>\n\n\n\n<p class=\"has-medium-font-size\">Entsorgungs\u00fcberwachung<\/p>\n\n\n\n<p class=\"has-medium-font-size\">Fertig- und Massiv-Kellerbau<\/p>\n\n\n\n<p class=\"has-medium-font-size\">Kanalbau<\/p>\n\n\n\n<p class=\"has-medium-font-size\">Rohbau (Mauerer und Betonbau)<\/p>\n\n\n\n<p class=\"has-medium-font-size\"> Zimmermann (<em>Dachst\u00fchle, Zwischendecken, Treppenschalungen, Giebel- und Fassadenverkleidungen, Gel\u00e4nder-Bau usw.<\/em>)<\/p>\n\n\n\n<p class=\"has-medium-font-size\">Dachdecker (<em>Ziegel, Schiefer, Zink<\/em>)<\/p>\n\n\n\n<p class=\"has-medium-font-size\">Flachdachisolierungen und Abdichtungen<\/p>\n\n\n\n<p class=\"has-medium-font-size\">Extensiv-Begr\u00fcnungen<\/p>\n\n\n\n<p class=\"has-medium-font-size\">Elektrotechnik (<em>Elektro, Instabus, Kamera-Anlagen, Alarm-Anlagen, Steuertechnik<\/em>)<\/p>\n\n\n\n<p class=\"has-medium-font-size\">Sanit\u00e4r<\/p>\n\n\n\n<p class=\"has-medium-font-size\">Heizung <\/p>\n\n\n\n<p class=\"has-medium-font-size\">Solaranlagen<\/p>\n\n\n\n<p class=\"has-medium-font-size\">Haustechniken<\/p>\n\n\n\n<p class=\"has-medium-font-size\">Innen-, Au\u00dfen und Edelputze<\/p>\n\n\n\n<p class=\"has-medium-font-size\">Estriche (<em>Zementestrich, Flie\u00dfestriche, Bitumenestriche<\/em>, Verbundestriche, Schwimmende Estriche)<\/p>\n\n\n\n<p class=\"has-medium-font-size\">Fliesen (Steingut, Mosaik, Intarsien, Natursteine)<\/p>\n\n\n\n<p class=\"has-medium-font-size\">Bodenbel\u00e4ge (Parkett, Laminat, Teppichboden, Spannteppiche, Holzpflaster, Naturplatten, PVC, Spannteppiche)<\/p>\n\n\n\n<p>Maler- und Tapezierarbeiten (Spachteltechniken, Tapeten, Edelputze, Ven\u00fcl, Farbtechniken)<\/p>\n\n\n\n<p>Beleuchtungstechnik (Leuchten, Indirekt, Occhiosysteme, LED, Leuchtreklamen)<\/p>\n\n\n\n<p>Insta-Bus-Systeme (Bus-Systeme, Steuertechnik, App-Techniken, Cam-Systeme, Alarm)<\/p>\n\n\n\n<p>Fenster (Kunststoff-Fenster, ALU-Fenster, Holzfenster, Glasfronten, Fassaden)<\/p>\n\n\n\n<p>T\u00fcren (Innent\u00fcren, Blockzargen-T\u00fcren, Metallt\u00fcren, Zinkor-T\u00fcren, Eingangsanlagen, Schiebet\u00fcrsysteme)<\/p>\n\n\n\n<p class=\"has-medium-font-size\">Garten- und Landschaftsbau (Gestaltung, Planung, Erdbau, Pflanzen, Natursteinmauern)<\/p>\n\n\n\n<p class=\"has-medium-font-size\">und alle relevanten Gewerke f\u00fcr Ihr Bauvorhaben.<\/p>\n\n\n\n<p class=\"has-medium-font-size\">Au\u00dferdem erstelle ich <strong>Bauplanungen aller Art<\/strong>, f\u00fchre <strong>Planoptimierung<\/strong>\/en durch und\/oder ich pr\u00fcfe die Leistungen der externen Sonderingenieure, wie Architekten, Haustechnikplaner, Verbau Planer, usw..<\/p>\n\n\n\n<p class=\"has-medium-font-size\">Mit anderen Worten; wenn Sie bauen wollen, sind aber themenfremd, unsicher oder zeitlich nur selten verf\u00fcgbar, dann bin ich genau Ihr Mann.<\/p>\n\n\n\n<p class=\"has-medium-font-size\">Ich berate Sie in allen Bereichen, ich vertrete Sie als <mark style=\"background-color:rgba(0, 0, 0, 0);color:#fc0404\" class=\"has-inline-color\"><strong><em>Ihr pers\u00f6nlicher und neutraler Bauherrenvertreter<\/em><\/strong> <\/mark>und sorge daf\u00fcr, dass Ihre Interessen stets gewahrt bleiben.<\/p>\n\n\n\n<p class=\"has-medium-font-size\"><strong>Ob Sie pers\u00f6nlich anwesend sind oder nicht.<\/strong><\/p>\n\n\n\n<p class=\"has-medium-font-size\">Ich helfe Ihnen besonders beim Formular, &#8211; Vergabe- und Auftragswesen, sorge daf\u00fcr, dass Sie die n\u00f6tigen Sicherheiten haben, um nicht am Ende draufzulegen, erstelle mit Ihnen gemeinsam ein Kosten-Budge f\u00fcr Ihr Projekt, helfe bei der Finanzierungsvorbereitung und unterst\u00fctze Sie, bei der st\u00e4ndigen Kosten\u00fcberwachung.<\/p>\n\n\n\n<p class=\"has-medium-font-size\">Und um absolut sicher zu gehen, k\u00f6nnen Sie gerne meine <strong><mark style=\"background-color:rgba(0, 0, 0, 0);color:#fe0303\" class=\"has-inline-color\">Web-Beratung buchen<\/mark><\/strong>.<\/p>\n\n\n\n<p class=\"has-medium-font-size\">Hier haben Sie <strong><mark style=\"background-color:rgba(0, 0, 0, 0);color:#f80101\" class=\"has-inline-color\">24 Stunden<\/mark><\/strong> technische und fachliche, wie kaufm\u00e4nnische Unterst\u00fctzung, f\u00fcr alle Fragen, Probleme und Sorgen, welche auftreten werden.<\/p>\n\n\n\n<p class=\"has-medium-font-size\"><strong><mark style=\"background-color:rgba(0, 0, 0, 0);color:#f90303\" class=\"has-inline-color\">Au\u00dferdem biete ich f\u00fcr Bauherrengemeinschaften ab 5 Personen Fachseminare an.<\/mark><\/strong><\/p>\n\n\n\n<p class=\"has-medium-font-size\">Zumindest erhalten Sie hier, umfangreiche Einblicke und Kenntnisse  zum <strong>Thema &#8222;Bau&#8220;<\/strong>, sodass Sie Ihren Handwerkern nicht v\u00f6llig ahnungslos und ohne Kenntnisse gegen\u00fcber stehen.<\/p>\n\n\n\n<p class=\"has-medium-font-size\">Sprechen Sie mich gerne an.<\/p>\n\n\n\n<p class=\"has-medium-font-size\"><strong><mark style=\"background-color:rgba(0, 0, 0, 0);color:#fc0303\" class=\"has-inline-color\">Eine Erstberatung ist f\u00fcr Sie immer kostenfrei!<\/mark><\/strong><\/p>\n\n\n\n<p class=\"has-medium-font-size\"><strong>Ich freue mich auf Ihren Kontakt.<\/strong><\/p>\n\n\n\n<p class=\"has-medium-font-size\">Ihr Ronald Christ, <\/p>\n\n\n\n<p class=\"has-medium-font-size\">Bautechniker + Freier Gutachter im Hochbau<\/p>\n","protected":false},"excerpt":{"rendered":"<p>Ich begleite Sie nach Bedarf und\/oder vollst\u00e4ndig bei Ihrem Bauvorhaben. Dabei unterst\u00fctze ich Sie als fachlich versierter und kompetenter Fachberater, in allen Bereichen Ihres Bauvorhabens und bin somit Ihr pers\u00f6nlicher Bauherrenberater. Im Einzelnen bedeutet dies: Unterst\u00fctzung, bereits beim ersten Gedanken, dass Sie ein Haus bauen wollen. Dazu geh\u00f6rt: Standortanalyse Bodenanalysebetreuung Bedarfsermittlung Entwurfsplanung Budget-Erstellung ggf. Finanzierungsvorbereitungen <a href=\"https:\/\/bauherrenberatung24.de\/?page_id=8\" class=\"more-link\">&#8230;<\/a><\/p>\n","protected":false},"author":1,"featured_media":0,"parent":0,"menu_order":0,"comment_status":"closed","ping_status":"closed","template":"","meta":[],"_links":{"self":[{"href":"https:\/\/bauherrenberatung24.de\/index.php?rest_route=\/wp\/v2\/pages\/8"}],"collection":[{"href":"https:\/\/bauherrenberatung24.de\/index.php?rest_route=\/wp\/v2\/pages"}],"about":[{"href":"https:\/\/bauherrenberatung24.de\/index.php?rest_route=\/wp\/v2\/types\/page"}],"author":[{"embeddable":true,"href":"https:\/\/bauherrenberatung24.de\/index.php?rest_route=\/wp\/v2\/users\/1"}],"replies":[{"embeddable":true,"href":"https:\/\/bauherrenberatung24.de\/index.php?rest_route=%2Fwp%2Fv2%2Fcomments&post=8"}],"version-history":[{"count":15,"href":"https:\/\/bauherrenberatung24.de\/index.php?rest_route=\/wp\/v2\/pages\/8\/revisions"}],"predecessor-version":[{"id":254,"href":"https:\/\/bauherrenberatung24.de\/index.php?rest_route=\/wp\/v2\/pages\/8\/revisions\/254"}],"wp:attachment":[{"href":"https:\/\/bauherrenberatung24.de\/index.php?rest_route=%2Fwp%2Fv2%2Fmedia&parent=8"}],"curies":[{"name":"wp","href":"https:\/\/api.w.org\/{rel}","templated":true}]}}